{"id":57,"date":"2024-08-28T17:22:27","date_gmt":"2024-08-28T15:22:27","guid":{"rendered":"https:\/\/maisoncocooningfl.com\/index.php\/hillstar\/"},"modified":"2026-01-21T15:07:48","modified_gmt":"2026-01-21T14:07:48","slug":"hillstar","status":"publish","type":"page","link":"https:\/\/maisoncocooningfl.com\/","title":{"rendered":"Accueil"},"content":{"rendered":"\t\t<div data-elementor-type=\"wp-page\" data-elementor-id=\"57\" class=\"elementor elementor-57\">\n\t\t\t\t<div class=\"elementor-element elementor-element-c88a011 e-flex e-con-boxed e-con e-parent\" data-id=\"c88a011\" data-element_type=\"container\">\n\t\t\t\t\t<div class=\"e-con-inner\">\n\t\t<div class=\"elementor-element elementor-element-62207eb e-con-full e-flex e-con e-child\" data-id=\"62207eb\" data-element_type=\"container\">\n\t\t\t\t<div class=\"elementor-element elementor-element-ca8e1ad elementor-widget elementor-widget-image\" data-id=\"ca8e1ad\" data-element_type=\"widget\" data-widget_type=\"image.default\">\n\t\t\t\t\t\t\t\t\t\t\t\t\t\t\t<img fetchpriority=\"high\" decoding=\"async\" width=\"640\" height=\"360\" src=\"https:\/\/maisoncocooningfl.com\/wp-content\/uploads\/2026\/01\/Enscape_2026-01-14-18-41-53-1024x576.png\" class=\"attachment-large size-large wp-image-633\" alt=\"\" srcset=\"https:\/\/maisoncocooningfl.com\/wp-content\/uploads\/2026\/01\/Enscape_2026-01-14-18-41-53-1024x576.png 1024w, https:\/\/maisoncocooningfl.com\/wp-content\/uploads\/2026\/01\/Enscape_2026-01-14-18-41-53-350x197.png 350w, https:\/\/maisoncocooningfl.com\/wp-content\/uploads\/2026\/01\/Enscape_2026-01-14-18-41-53-768x432.png 768w, https:\/\/maisoncocooningfl.com\/wp-content\/uploads\/2026\/01\/Enscape_2026-01-14-18-41-53-1536x864.png 1536w, https:\/\/maisoncocooningfl.com\/wp-content\/uploads\/2026\/01\/Enscape_2026-01-14-18-41-53-300x169.png 300w, https:\/\/maisoncocooningfl.com\/wp-content\/uploads\/2026\/01\/Enscape_2026-01-14-18-41-53-850x478.png 850w, https:\/\/maisoncocooningfl.com\/wp-content\/uploads\/2026\/01\/Enscape_2026-01-14-18-41-53.png 1920w\" sizes=\"(max-width: 640px) 100vw, 640px\" \/>\t\t\t\t\t\t\t\t\t\t\t\t\t\t\t<\/div>\n\t\t\t\t<\/div>\n\t\t\t\t\t<\/div>\n\t\t\t\t<\/div>\n\t\t<div class=\"elementor-element elementor-element-008d13e e-con-full e-flex e-con e-parent\" data-id=\"008d13e\" data-element_type=\"container\" data-settings=\"{&quot;background_background&quot;:&quot;gradient&quot;}\">\n\t\t\t\t<div class=\"elementor-element elementor-element-0757146 elementor-widget__width-initial elementor-widget elementor-widget-heading\" data-id=\"0757146\" data-element_type=\"widget\" data-widget_type=\"heading.default\">\n\t\t\t\t\t<h2 class=\"elementor-heading-title elementor-size-default\">Maison Cocooning FL \n<\/h2>\t\t\t\t<\/div>\n\t\t\t\t<\/div>\n\t\t<div class=\"elementor-element elementor-element-e50627f e-con-full e-flex e-con e-parent\" data-id=\"e50627f\" data-element_type=\"container\" data-settings=\"{&quot;background_background&quot;:&quot;gradient&quot;}\">\n\t\t\t\t<div class=\"elementor-element elementor-element-2878d43 elementor-widget elementor-widget-text-editor\" data-id=\"2878d43\" data-element_type=\"widget\" data-widget_type=\"text-editor.default\">\n\t\t\t\t\t\t\t\t\t<p>Fiona LEU &#8211; D\u00e9coratrice d&rsquo;int\u00e9rieur\u00a0<\/p>\t\t\t\t\t\t\t\t<\/div>\n\t\t\t\t<div class=\"elementor-element elementor-element-005a580 elementor-widget elementor-widget-text-editor\" data-id=\"005a580\" data-element_type=\"widget\" data-widget_type=\"text-editor.default\">\n\t\t\t\t\t\t\t\t\t<p><em><strong>Un esprit apais\u00e9 est une d\u00e9coration r\u00e9ussie !<\/strong><\/em><\/p><p>Cr\u00e9ons ensemble la d\u00e9coration qui vous ressemble.\u00a0<\/p>\t\t\t\t\t\t\t\t<\/div>\n\t\t\t\t<\/div>\n\t\t<div class=\"elementor-element elementor-element-e18559c e-con-full e-flex e-con e-parent\" data-id=\"e18559c\" data-element_type=\"container\" data-settings=\"{&quot;background_background&quot;:&quot;gradient&quot;}\">\n\t\t\t\t<div class=\"elementor-element elementor-element-0a5e5d5 elementor-widget elementor-widget-text-editor\" data-id=\"0a5e5d5\" data-element_type=\"widget\" data-widget_type=\"text-editor.default\">\n\t\t\t\t\t\t\t\t\t<p><strong>Votre int\u00e9rieur ne vous correspond plus ?&nbsp;<\/strong><\/p>\t\t\t\t\t\t\t\t<\/div>\n\t\t\t\t<\/div>\n\t\t<div class=\"elementor-element elementor-element-4069c6f e-con-full e-flex e-con e-parent\" data-id=\"4069c6f\" data-element_type=\"container\" data-settings=\"{&quot;background_background&quot;:&quot;gradient&quot;}\">\n\t\t\t\t<div class=\"elementor-element elementor-element-95fe213 elementor-widget elementor-widget-text-editor\" data-id=\"95fe213\" data-element_type=\"widget\" data-widget_type=\"text-editor.default\">\n\t\t\t\t\t\t\t\t\t<p>Vous \u00eates \u00e0 la recherche de solutions d&rsquo;am\u00e9nagement pens\u00e9es pour votre style de vie et vos habitudes? Maison Cocooning FL vous accompagne dans la cr\u00e9ation d&rsquo;int\u00e9rieurs harmonieux, fonctionnels et \u00e0 votre image.<\/p><p>D\u00e9coratrice d&rsquo;int\u00e9rieur \u00e0 Mulhouse, j&rsquo;accompagne les particuliers et les professionnels dans leurs projets d&rsquo;am\u00e9nagement et de d\u00e9coration, qu&rsquo;il s&rsquo;agisse d&rsquo;un espace de vie, d&rsquo;un lieu de travail ou d&rsquo;un projet global.<\/p><p>Vous avez d\u00e9j\u00e0 des id\u00e9es pr\u00e9cises mais vous avez du mal \u00e0 les visualiser? Je les concr\u00e9tises gr\u00e2ce \u00e0 des outils visuels et cr\u00e9atifs pour vous permettre de vous projeter sereinement avant de vous lancer.<\/p><p>Vous n&rsquo;avez aucune id\u00e9e? Je suis l\u00e0 pour vous guider, vous conseiller et imaginer un int\u00e9rieur qui vous ressemble, afin que vous vous sentiez bien chez vous, dans un espace pens\u00e9 avec sens, cr\u00e9ativit\u00e9 et douceur.<\/p>\t\t\t\t\t\t\t\t<\/div>\n\t\t\t\t<div class=\"elementor-element elementor-element-8706fdd elementor-align-center elementor-widget elementor-widget-button\" data-id=\"8706fdd\" data-element_type=\"widget\" data-widget_type=\"button.default\">\n\t\t\t\t\t\t\t\t\t\t<a class=\"elementor-button elementor-button-link elementor-size-sm\" href=\"https:\/\/maisoncocooningfl.com\/index.php\/contact\/\">\n\t\t\t\t\t\t<span class=\"elementor-button-content-wrapper\">\n\t\t\t\t\t\t\t\t\t<span class=\"elementor-button-text\">Discutons ensemble de votre projet<\/span>\n\t\t\t\t\t<\/span>\n\t\t\t\t\t<\/a>\n\t\t\t\t\t\t\t\t<\/div>\n\t\t\t\t<\/div>\n\t\t<div class=\"elementor-element elementor-element-9c892ba e-flex e-con-boxed e-con e-parent\" data-id=\"9c892ba\" data-element_type=\"container\">\n\t\t\t\t\t<div class=\"e-con-inner\">\n\t\t\t\t\t<\/div>\n\t\t\t\t<\/div>\n\t\t\t\t<\/div>\n\t\t","protected":false},"excerpt":{"rendered":"<p>Maison Cocooning FL Fiona LEU &#8211; D\u00e9coratrice d&rsquo;int\u00e9rieur\u00a0 Un esprit apais\u00e9 est une d\u00e9coration r\u00e9ussie ! Cr\u00e9ons ensemble la d\u00e9coration qui vous ressemble.\u00a0 Votre int\u00e9rieur ne vous correspond plus ?&nbsp; Vous \u00eates \u00e0 la recherche de solutions d&rsquo;am\u00e9nagement pens\u00e9es pour votre style de vie et vos habitudes? Maison Cocooning FL&#8230;<\/p>\n","protected":false},"author":1,"featured_media":0,"parent":0,"menu_order":0,"comment_status":"closed","ping_status":"closed","template":"","meta":{"footnotes":""},"class_list":["post-57","page","type-page","status-publish","hentry"],"_links":{"self":[{"href":"https:\/\/maisoncocooningfl.com\/index.php\/wp-json\/wp\/v2\/pages\/57","targetHints":{"allow":["GET"]}}],"collection":[{"href":"https:\/\/maisoncocooningfl.com\/index.php\/wp-json\/wp\/v2\/pages"}],"about":[{"href":"https:\/\/maisoncocooningfl.com\/index.php\/wp-json\/wp\/v2\/types\/page"}],"author":[{"embeddable":true,"href":"https:\/\/maisoncocooningfl.com\/index.php\/wp-json\/wp\/v2\/users\/1"}],"replies":[{"embeddable":true,"href":"https:\/\/maisoncocooningfl.com\/index.php\/wp-json\/wp\/v2\/comments?post=57"}],"version-history":[{"count":28,"href":"https:\/\/maisoncocooningfl.com\/index.php\/wp-json\/wp\/v2\/pages\/57\/revisions"}],"predecessor-version":[{"id":641,"href":"https:\/\/maisoncocooningfl.com\/index.php\/wp-json\/wp\/v2\/pages\/57\/revisions\/641"}],"wp:attachment":[{"href":"https:\/\/maisoncocooningfl.com\/index.php\/wp-json\/wp\/v2\/media?parent=57"}],"curies":[{"name":"wp","href":"https:\/\/api.w.org\/{rel}","templated":true}]}}