{"id":518,"date":"2025-12-12T14:13:00","date_gmt":"2025-12-12T13:13:00","guid":{"rendered":"https:\/\/maisoncocooningfl.com\/?page_id=518"},"modified":"2026-01-12T21:35:26","modified_gmt":"2026-01-12T20:35:26","slug":"mes-realisations","status":"publish","type":"page","link":"https:\/\/maisoncocooningfl.com\/index.php\/mes-realisations\/","title":{"rendered":"Mes r\u00e9alisations"},"content":{"rendered":"<blockquote>\n<p style=\"text-align: center;\">\u00ab\u00a0Imaginer, sublimer, r\u00e9v\u00e9ler\u00a0\u00bb<\/p>\n<\/blockquote>\n<p style=\"text-align: center;\">J\u2019imagine des int\u00e9rieurs o\u00f9 l\u2019on se sent bien d\u00e8s le premier regard.\u00a0<br data-start=\"145\" data-end=\"148\" \/>Des espaces doux, accueillants et pens\u00e9s pour votre quotidien.<br data-start=\"210\" data-end=\"213\" \/>Bienvenue dans un univers o\u00f9 confort et beaut\u00e9 se rencontrent.<\/p>\n<style>#jtg-547 .modula-item .jtg-social a, .lightbox-socials.jtg-social a{ fill: #ffffff; color: #ffffff }#jtg-547 .modula-item .jtg-social-expandable a, #jtg-547 .modula-item .jtg-social-expandable-icons a{ fill: #ffffff; color: #ffffff }#jtg-547 .modula-item .jtg-social svg, .lightbox-socials.jtg-social svg { height: 16px; width: 16px }#jtg-547 .modula-item .jtg-social-expandable svg { height: 16px; width: 16px }#jtg-547 .modula-item .jtg-social-expandable-icons svg { height: 16px; width: 16px }#jtg-547 .modula-item .jtg-social a:not(:last-child), .lightbox-socials.jtg-social a:not(:last-child) { margin-right: 10px }#jtg-547 .modula-item .jtg-social-expandable-icons { gap: 10px }#jtg-547 .modula-item .no-socials{ display:none; }#jtg-547 .modula-item .figc {color:#ffffff;}#jtg-547 .modula-item .figc .jtg-title {  font-size: 24px; }#jtg-547 .modula-item .modula-item-content { transform: scale(1); }#jtg-547 { width:100%;}#jtg-547 .modula-items{height:800px;}@media screen and (max-width: 992px) {#jtg-547 .modula-items{height:800px;}}@media screen and (max-width: 768px) {#jtg-547 .modula-items{height:800px;}}#jtg-547 .modula-items .figc p.description { font-size:16px; }#jtg-547 .modula-items .figc p.description { color:#ffffff;}#jtg-547 .modula-items .figc .jtg-title { color:#ffffff; }#jtg-547.modula-gallery .modula-item > a, #jtg-547.modula-gallery .modula-item, #jtg-547.modula-gallery .modula-item-content > a:not(.modula-no-follow) { cursor:zoom-in; } #jtg-547.modula-gallery .modula-item-content .modula-no-follow { cursor: default; } @media screen and (max-width:480px){#jtg-547 .modula-item .figc .jtg-title {  font-size: 12px; }#jtg-547 .modula-items .figc p.description { color:#ffffff;font-size:10px; }}<\/style>\n<div  id=\"jtg-547\" class=\"modula modula-gallery modula-creative-gallery\" data-config=\"{&quot;height&quot;:800,&quot;tabletHeight&quot;:800,&quot;mobileHeight&quot;:800,&quot;desktopHeight&quot;:800,&quot;enableTwitter&quot;:false,&quot;enableWhatsapp&quot;:false,&quot;enableFacebook&quot;:false,&quot;enablePinterest&quot;:false,&quot;enableLinkedin&quot;:false,&quot;enableEmail&quot;:false,&quot;randomFactor&quot;:0.5,&quot;type&quot;:&quot;creative-gallery&quot;,&quot;columns&quot;:12,&quot;gutter&quot;:10,&quot;mobileGutter&quot;:10,&quot;tabletGutter&quot;:10,&quot;desktopGutter&quot;:10,&quot;enableResponsive&quot;:true,&quot;tabletColumns&quot;:2,&quot;mobileColumns&quot;:1,&quot;lazyLoad&quot;:0,&quot;lightboxOpts&quot;:{&quot;animated&quot;:true,&quot;Thumbs&quot;:{&quot;type&quot;:&quot;modern&quot;,&quot;showOnStart&quot;:false},&quot;Toolbar&quot;:{&quot;display&quot;:{&quot;right&quot;:[&quot;close&quot;]},&quot;enabled&quot;:true},&quot;Carousel&quot;:{&quot;Panzoom&quot;:{&quot;touch&quot;:false},&quot;infinite&quot;:false},&quot;keyboard&quot;:{&quot;Escape&quot;:&quot;close&quot;,&quot;Delete&quot;:&quot;close&quot;,&quot;Backspace&quot;:&quot;close&quot;,&quot;PageUp&quot;:false,&quot;PageDown&quot;:false,&quot;ArrowUp&quot;:false,&quot;ArrowDown&quot;:false,&quot;ArrowRight&quot;:false,&quot;ArrowLeft&quot;:false},&quot;touch&quot;:false,&quot;backdropClick&quot;:false,&quot;l10n&quot;:{&quot;CLOSE&quot;:&quot;Close&quot;,&quot;NEXT&quot;:&quot;Next&quot;,&quot;PREV&quot;:&quot;Previous&quot;,&quot;Error&quot;:&quot;The requested content cannot be loaded. Please try again later.&quot;,&quot;PLAY_START&quot;:&quot;Start slideshow&quot;,&quot;PLAY_STOP&quot;:&quot;Pause slideshow&quot;,&quot;FULL_SCREEN&quot;:&quot;Full screen&quot;,&quot;THUMBS&quot;:&quot;Thumbnails&quot;,&quot;DOWNLOAD&quot;:&quot;Download&quot;,&quot;SHARE&quot;:&quot;Share&quot;,&quot;ZOOM&quot;:&quot;Zoom&quot;,&quot;EMAIL&quot;:&quot;Here is the link to the image : %%image_link%% and this is the link to the gallery : %%gallery_link%%&quot;,&quot;MODAL&quot;:&quot;You can close this modal content with the ESC key&quot;,&quot;ERROR&quot;:&quot;Something Went Wrong, Please Try Again Later&quot;,&quot;IMAGE_ERROR&quot;:&quot;Image Not Found&quot;,&quot;ELEMENT_NOT_FOUND&quot;:&quot;HTML Element Not Found&quot;,&quot;AJAX_NOT_FOUND&quot;:&quot;Error Loading AJAX : Not Found&quot;,&quot;AJAX_FORBIDDEN&quot;:&quot;Error Loading AJAX : Forbidden&quot;,&quot;IFRAME_ERROR&quot;:&quot;Error Loading Page&quot;,&quot;TOGGLE_ZOOM&quot;:&quot;Toggle zoom level&quot;,&quot;TOGGLE_THUMBS&quot;:&quot;Toggle thumbnails&quot;,&quot;TOGGLE_SLIDESHOW&quot;:&quot;Toggle slideshow&quot;,&quot;TOGGLE_FULLSCREEN&quot;:&quot;Toggle full-screen mode&quot;},&quot;Images&quot;:{&quot;Panzoom&quot;:{&quot;maxScale&quot;:2}},&quot;mainClass&quot;:&quot;modula-fancybox-container modula-lightbox-jtg-547&quot;,&quot;Html&quot;:{&quot;videoAutoplay&quot;:0,&quot;videoTpl&quot;:&quot;&lt;video class=\\&quot;fancybox__html5video\\&quot; controls muted playsinline controlsList controlsList=\\&quot;nodownload\\&quot; poster=\\&quot;{{poster}}\\&quot; src=\\&quot;{{src}}\\&quot; type=\\&quot;{{format}}\\&quot; &gt;  Sorry, your browser doesn&#039;t support embedded videos, &lt;a href=\\&quot;{{src}}\\&quot;&gt; download &lt;\\\/a&gt; and watch with your favorite video player! &lt;\\\/video&gt;&quot;}},&quot;inView&quot;:false,&quot;email_subject&quot;:&quot;Check out this awesome image !!&quot;,&quot;email_message&quot;:&quot;Here is the link to the image : %%image_link%% and this is the link to the gallery : %%gallery_link%%&quot;,&quot;lightbox&quot;:&quot;fancybox&quot;}\">\n\n\t\n\t<div  class=\"modula-items\">\n\t\t<div class=\"modula-item effect-pufrobo\" >\n\t<div class=\"modula-item-overlay\"><\/div>\n\n\t<div class=\"modula-item-content\">\n\n\t\t\t\t\n\t\t\t\t\t<a data-image-id=\"562\" role=\"button\" data-elementor-open-lightbox=\"no\" tabindex=\"0\" rel=\"jtg-547\" data-caption=\"\" aria-label=\"Open image in lightbox\" class=\"tile-inner modula-item-link\"><\/a>\n\t\t\n\t\t<img fetchpriority=\"high\" decoding=\"async\" class=\"pic wp-image-562\"  data-valign=\"middle\" data-halign=\"center\" alt=\"\" data-full=\"https:\/\/maisoncocooningfl.com\/wp-content\/uploads\/2026\/01\/IMG_7412-1.jpeg\" title=\"IMG_7412\" width=\"350\" height=\"263\" src=\"https:\/\/maisoncocooningfl.com\/wp-content\/uploads\/2026\/01\/IMG_7412-1-350x263.jpeg\" data-src=\"https:\/\/maisoncocooningfl.com\/wp-content\/uploads\/2026\/01\/IMG_7412-1-350x263.jpeg\" data-caption=\"\" srcset=\"https:\/\/maisoncocooningfl.com\/wp-content\/uploads\/2026\/01\/IMG_7412-1-scaled.jpeg 2560w, https:\/\/maisoncocooningfl.com\/wp-content\/uploads\/2026\/01\/IMG_7412-1-scaled-350x263.jpeg 350w, https:\/\/maisoncocooningfl.com\/wp-content\/uploads\/2026\/01\/IMG_7412-1-1024x768.jpeg 1024w, https:\/\/maisoncocooningfl.com\/wp-content\/uploads\/2026\/01\/IMG_7412-1-768x576.jpeg 768w, https:\/\/maisoncocooningfl.com\/wp-content\/uploads\/2026\/01\/IMG_7412-1-1536x1152.jpeg 1536w, https:\/\/maisoncocooningfl.com\/wp-content\/uploads\/2026\/01\/IMG_7412-1-2048x1536.jpeg 2048w\" sizes=\"(max-width: 350px) 100vw, 350px\" \/>\n\t\t<div class=\"figc no-description\">\n\t\t\t<div class=\"figc-inner\">\n\t\t\t\t\t\t\t\t\t\t\t\t\t\t\t<\/div>\n\t\t<\/div>\n\n\t<\/div>\n\n<\/div><div class=\"modula-item effect-pufrobo\" >\n\t<div class=\"modula-item-overlay\"><\/div>\n\n\t<div class=\"modula-item-content\">\n\n\t\t\t\t\n\t\t\t\t\t<a data-image-id=\"558\" role=\"button\" data-elementor-open-lightbox=\"no\" tabindex=\"0\" rel=\"jtg-547\" data-caption=\"\" aria-label=\"Open image in lightbox\" class=\"tile-inner modula-item-link\"><\/a>\n\t\t\n\t\t<img decoding=\"async\" class=\"pic wp-image-558\"  data-valign=\"middle\" data-halign=\"center\" alt=\"\" data-full=\"https:\/\/maisoncocooningfl.com\/wp-content\/uploads\/2026\/01\/Salle-de-bain.jpg\" title=\"Salle de bain\" width=\"263\" height=\"350\" src=\"https:\/\/maisoncocooningfl.com\/wp-content\/uploads\/2026\/01\/Salle-de-bain-263x350.jpg\" data-src=\"https:\/\/maisoncocooningfl.com\/wp-content\/uploads\/2026\/01\/Salle-de-bain-263x350.jpg\" data-caption=\"\" srcset=\"https:\/\/maisoncocooningfl.com\/wp-content\/uploads\/2026\/01\/Salle-de-bain-scaled.jpg 1920w, https:\/\/maisoncocooningfl.com\/wp-content\/uploads\/2026\/01\/Salle-de-bain-scaled-263x350.jpg 263w, https:\/\/maisoncocooningfl.com\/wp-content\/uploads\/2026\/01\/Salle-de-bain-768x1024.jpg 768w, https:\/\/maisoncocooningfl.com\/wp-content\/uploads\/2026\/01\/Salle-de-bain-1152x1536.jpg 1152w, https:\/\/maisoncocooningfl.com\/wp-content\/uploads\/2026\/01\/Salle-de-bain-1536x2048.jpg 1536w\" sizes=\"(max-width: 263px) 100vw, 263px\" \/>\n\t\t<div class=\"figc no-description\">\n\t\t\t<div class=\"figc-inner\">\n\t\t\t\t\t\t\t\t\t\t\t\t\t\t\t<\/div>\n\t\t<\/div>\n\n\t<\/div>\n\n<\/div><div class=\"modula-item effect-pufrobo\" >\n\t<div class=\"modula-item-overlay\"><\/div>\n\n\t<div class=\"modula-item-content\">\n\n\t\t\t\t\n\t\t\t\t\t<a data-image-id=\"557\" role=\"button\" data-elementor-open-lightbox=\"no\" tabindex=\"0\" rel=\"jtg-547\" data-caption=\"\" aria-label=\"Open image in lightbox\" class=\"tile-inner modula-item-link\"><\/a>\n\t\t\n\t\t<img decoding=\"async\" class=\"pic wp-image-557\"  data-valign=\"middle\" data-halign=\"center\" alt=\"\" data-full=\"https:\/\/maisoncocooningfl.com\/wp-content\/uploads\/2026\/01\/salle-de-bain-4.jpg\" title=\"salle de bain 4\" width=\"263\" height=\"350\" src=\"https:\/\/maisoncocooningfl.com\/wp-content\/uploads\/2026\/01\/salle-de-bain-4-263x350.jpg\" data-src=\"https:\/\/maisoncocooningfl.com\/wp-content\/uploads\/2026\/01\/salle-de-bain-4-263x350.jpg\" data-caption=\"\" srcset=\"https:\/\/maisoncocooningfl.com\/wp-content\/uploads\/2026\/01\/salle-de-bain-4-scaled.jpg 1920w, https:\/\/maisoncocooningfl.com\/wp-content\/uploads\/2026\/01\/salle-de-bain-4-scaled-263x350.jpg 263w, https:\/\/maisoncocooningfl.com\/wp-content\/uploads\/2026\/01\/salle-de-bain-4-768x1024.jpg 768w, https:\/\/maisoncocooningfl.com\/wp-content\/uploads\/2026\/01\/salle-de-bain-4-1152x1536.jpg 1152w, https:\/\/maisoncocooningfl.com\/wp-content\/uploads\/2026\/01\/salle-de-bain-4-1536x2048.jpg 1536w\" sizes=\"(max-width: 263px) 100vw, 263px\" \/>\n\t\t<div class=\"figc no-description\">\n\t\t\t<div class=\"figc-inner\">\n\t\t\t\t\t\t\t\t\t\t\t\t\t\t\t<\/div>\n\t\t<\/div>\n\n\t<\/div>\n\n<\/div><div class=\"modula-item effect-pufrobo\" >\n\t<div class=\"modula-item-overlay\"><\/div>\n\n\t<div class=\"modula-item-content\">\n\n\t\t\t\t\n\t\t\t\t\t<a data-image-id=\"556\" role=\"button\" data-elementor-open-lightbox=\"no\" tabindex=\"0\" rel=\"jtg-547\" data-caption=\"\" aria-label=\"Open image in lightbox\" class=\"tile-inner modula-item-link\"><\/a>\n\t\t\n\t\t<img loading=\"lazy\" decoding=\"async\" class=\"pic wp-image-556\"  data-valign=\"middle\" data-halign=\"center\" alt=\"\" data-full=\"https:\/\/maisoncocooningfl.com\/wp-content\/uploads\/2026\/01\/salle-de-bain-3.jpg\" title=\"salle de bain 3\" width=\"263\" height=\"350\" src=\"https:\/\/maisoncocooningfl.com\/wp-content\/uploads\/2026\/01\/salle-de-bain-3-263x350.jpg\" data-src=\"https:\/\/maisoncocooningfl.com\/wp-content\/uploads\/2026\/01\/salle-de-bain-3-263x350.jpg\" data-caption=\"\" srcset=\"https:\/\/maisoncocooningfl.com\/wp-content\/uploads\/2026\/01\/salle-de-bain-3-scaled.jpg 1920w, https:\/\/maisoncocooningfl.com\/wp-content\/uploads\/2026\/01\/salle-de-bain-3-scaled-263x350.jpg 263w, https:\/\/maisoncocooningfl.com\/wp-content\/uploads\/2026\/01\/salle-de-bain-3-768x1024.jpg 768w, https:\/\/maisoncocooningfl.com\/wp-content\/uploads\/2026\/01\/salle-de-bain-3-1152x1536.jpg 1152w, https:\/\/maisoncocooningfl.com\/wp-content\/uploads\/2026\/01\/salle-de-bain-3-1536x2048.jpg 1536w\" sizes=\"(max-width: 263px) 100vw, 263px\" \/>\n\t\t<div class=\"figc no-description\">\n\t\t\t<div class=\"figc-inner\">\n\t\t\t\t\t\t\t\t\t\t\t\t\t\t\t<\/div>\n\t\t<\/div>\n\n\t<\/div>\n\n<\/div><div class=\"modula-item effect-pufrobo\" >\n\t<div class=\"modula-item-overlay\"><\/div>\n\n\t<div class=\"modula-item-content\">\n\n\t\t\t\t\n\t\t\t\t\t<a data-image-id=\"555\" role=\"button\" data-elementor-open-lightbox=\"no\" tabindex=\"0\" rel=\"jtg-547\" data-caption=\"\" aria-label=\"Open image in lightbox\" class=\"tile-inner modula-item-link\"><\/a>\n\t\t\n\t\t<img loading=\"lazy\" decoding=\"async\" class=\"pic wp-image-555\"  data-valign=\"middle\" data-halign=\"center\" alt=\"\" data-full=\"https:\/\/maisoncocooningfl.com\/wp-content\/uploads\/2026\/01\/salle-de-bain-2.jpg\" title=\"salle de bain 2\" width=\"263\" height=\"350\" src=\"https:\/\/maisoncocooningfl.com\/wp-content\/uploads\/2026\/01\/salle-de-bain-2-263x350.jpg\" data-src=\"https:\/\/maisoncocooningfl.com\/wp-content\/uploads\/2026\/01\/salle-de-bain-2-263x350.jpg\" data-caption=\"\" srcset=\"https:\/\/maisoncocooningfl.com\/wp-content\/uploads\/2026\/01\/salle-de-bain-2-scaled.jpg 1920w, https:\/\/maisoncocooningfl.com\/wp-content\/uploads\/2026\/01\/salle-de-bain-2-scaled-263x350.jpg 263w, https:\/\/maisoncocooningfl.com\/wp-content\/uploads\/2026\/01\/salle-de-bain-2-768x1024.jpg 768w, https:\/\/maisoncocooningfl.com\/wp-content\/uploads\/2026\/01\/salle-de-bain-2-1152x1536.jpg 1152w, https:\/\/maisoncocooningfl.com\/wp-content\/uploads\/2026\/01\/salle-de-bain-2-1536x2048.jpg 1536w\" sizes=\"(max-width: 263px) 100vw, 263px\" \/>\n\t\t<div class=\"figc no-description\">\n\t\t\t<div class=\"figc-inner\">\n\t\t\t\t\t\t\t\t\t\t\t\t\t\t\t<\/div>\n\t\t<\/div>\n\n\t<\/div>\n\n<\/div><div class=\"modula-item effect-pufrobo\" >\n\t<div class=\"modula-item-overlay\"><\/div>\n\n\t<div class=\"modula-item-content\">\n\n\t\t\t\t\n\t\t\t\t\t<a data-image-id=\"554\" role=\"button\" data-elementor-open-lightbox=\"no\" tabindex=\"0\" rel=\"jtg-547\" data-caption=\"\" aria-label=\"Open image in lightbox\" class=\"tile-inner modula-item-link\"><\/a>\n\t\t\n\t\t<img loading=\"lazy\" decoding=\"async\" class=\"pic wp-image-554\"  data-valign=\"middle\" data-halign=\"center\" alt=\"\" data-full=\"https:\/\/maisoncocooningfl.com\/wp-content\/uploads\/2026\/01\/Entree.png\" title=\"Entr\u00e9e\" width=\"350\" height=\"197\" src=\"https:\/\/maisoncocooningfl.com\/wp-content\/uploads\/2026\/01\/Entree-350x197.png\" data-src=\"https:\/\/maisoncocooningfl.com\/wp-content\/uploads\/2026\/01\/Entree-350x197.png\" data-caption=\"\" srcset=\"https:\/\/maisoncocooningfl.com\/wp-content\/uploads\/2026\/01\/Entree.png 1920w, https:\/\/maisoncocooningfl.com\/wp-content\/uploads\/2026\/01\/Entree-350x197.png 350w, https:\/\/maisoncocooningfl.com\/wp-content\/uploads\/2026\/01\/Entree-1024x576.png 1024w, https:\/\/maisoncocooningfl.com\/wp-content\/uploads\/2026\/01\/Entree-768x432.png 768w, https:\/\/maisoncocooningfl.com\/wp-content\/uploads\/2026\/01\/Entree-1536x864.png 1536w\" sizes=\"(max-width: 350px) 100vw, 350px\" \/>\n\t\t<div class=\"figc no-description\">\n\t\t\t<div class=\"figc-inner\">\n\t\t\t\t\t\t\t\t\t\t\t\t\t\t\t<\/div>\n\t\t<\/div>\n\n\t<\/div>\n\n<\/div><div class=\"modula-item effect-pufrobo\" >\n\t<div class=\"modula-item-overlay\"><\/div>\n\n\t<div class=\"modula-item-content\">\n\n\t\t\t\t\n\t\t\t\t\t<a data-image-id=\"553\" role=\"button\" data-elementor-open-lightbox=\"no\" tabindex=\"0\" rel=\"jtg-547\" data-caption=\"\" aria-label=\"Open image in lightbox\" class=\"tile-inner modula-item-link\"><\/a>\n\t\t\n\t\t<img loading=\"lazy\" decoding=\"async\" class=\"pic wp-image-553\"  data-valign=\"middle\" data-halign=\"center\" alt=\"\" data-full=\"https:\/\/maisoncocooningfl.com\/wp-content\/uploads\/2026\/01\/Entree-vue-salon.png\" title=\"Entr\u00e9e vue salon\" width=\"350\" height=\"197\" src=\"https:\/\/maisoncocooningfl.com\/wp-content\/uploads\/2026\/01\/Entree-vue-salon-350x197.png\" data-src=\"https:\/\/maisoncocooningfl.com\/wp-content\/uploads\/2026\/01\/Entree-vue-salon-350x197.png\" data-caption=\"\" srcset=\"https:\/\/maisoncocooningfl.com\/wp-content\/uploads\/2026\/01\/Entree-vue-salon.png 1920w, https:\/\/maisoncocooningfl.com\/wp-content\/uploads\/2026\/01\/Entree-vue-salon-350x197.png 350w, https:\/\/maisoncocooningfl.com\/wp-content\/uploads\/2026\/01\/Entree-vue-salon-1024x576.png 1024w, https:\/\/maisoncocooningfl.com\/wp-content\/uploads\/2026\/01\/Entree-vue-salon-768x432.png 768w, https:\/\/maisoncocooningfl.com\/wp-content\/uploads\/2026\/01\/Entree-vue-salon-1536x864.png 1536w\" sizes=\"(max-width: 350px) 100vw, 350px\" \/>\n\t\t<div class=\"figc no-description\">\n\t\t\t<div class=\"figc-inner\">\n\t\t\t\t\t\t\t\t\t\t\t\t\t\t\t<\/div>\n\t\t<\/div>\n\n\t<\/div>\n\n<\/div><div class=\"modula-item effect-pufrobo\" >\n\t<div class=\"modula-item-overlay\"><\/div>\n\n\t<div class=\"modula-item-content\">\n\n\t\t\t\t\n\t\t\t\t\t<a data-image-id=\"552\" role=\"button\" data-elementor-open-lightbox=\"no\" tabindex=\"0\" rel=\"jtg-547\" data-caption=\"\" aria-label=\"Open image in lightbox\" class=\"tile-inner modula-item-link\"><\/a>\n\t\t\n\t\t<img loading=\"lazy\" decoding=\"async\" class=\"pic wp-image-552\"  data-valign=\"middle\" data-halign=\"center\" alt=\"\" data-full=\"https:\/\/maisoncocooningfl.com\/wp-content\/uploads\/2026\/01\/Salon.png\" title=\"Salon\" width=\"350\" height=\"197\" src=\"https:\/\/maisoncocooningfl.com\/wp-content\/uploads\/2026\/01\/Salon-350x197.png\" data-src=\"https:\/\/maisoncocooningfl.com\/wp-content\/uploads\/2026\/01\/Salon-350x197.png\" data-caption=\"\" srcset=\"https:\/\/maisoncocooningfl.com\/wp-content\/uploads\/2026\/01\/Salon.png 1920w, https:\/\/maisoncocooningfl.com\/wp-content\/uploads\/2026\/01\/Salon-350x197.png 350w, https:\/\/maisoncocooningfl.com\/wp-content\/uploads\/2026\/01\/Salon-1024x576.png 1024w, https:\/\/maisoncocooningfl.com\/wp-content\/uploads\/2026\/01\/Salon-768x432.png 768w, https:\/\/maisoncocooningfl.com\/wp-content\/uploads\/2026\/01\/Salon-1536x864.png 1536w\" sizes=\"(max-width: 350px) 100vw, 350px\" \/>\n\t\t<div class=\"figc no-description\">\n\t\t\t<div class=\"figc-inner\">\n\t\t\t\t\t\t\t\t\t\t\t\t\t\t\t<\/div>\n\t\t<\/div>\n\n\t<\/div>\n\n<\/div><div class=\"modula-item effect-pufrobo\" >\n\t<div class=\"modula-item-overlay\"><\/div>\n\n\t<div class=\"modula-item-content\">\n\n\t\t\t\t\n\t\t\t\t\t<a data-image-id=\"551\" role=\"button\" data-elementor-open-lightbox=\"no\" tabindex=\"0\" rel=\"jtg-547\" data-caption=\"\" aria-label=\"Open image in lightbox\" class=\"tile-inner modula-item-link\"><\/a>\n\t\t\n\t\t<img loading=\"lazy\" decoding=\"async\" class=\"pic wp-image-551\"  data-valign=\"middle\" data-halign=\"center\" alt=\"\" data-full=\"https:\/\/maisoncocooningfl.com\/wp-content\/uploads\/2026\/01\/Salon-2.png\" title=\"Salon 2\" width=\"350\" height=\"197\" src=\"https:\/\/maisoncocooningfl.com\/wp-content\/uploads\/2026\/01\/Salon-2-350x197.png\" data-src=\"https:\/\/maisoncocooningfl.com\/wp-content\/uploads\/2026\/01\/Salon-2-350x197.png\" data-caption=\"\" srcset=\"https:\/\/maisoncocooningfl.com\/wp-content\/uploads\/2026\/01\/Salon-2.png 1920w, https:\/\/maisoncocooningfl.com\/wp-content\/uploads\/2026\/01\/Salon-2-350x197.png 350w, https:\/\/maisoncocooningfl.com\/wp-content\/uploads\/2026\/01\/Salon-2-1024x576.png 1024w, https:\/\/maisoncocooningfl.com\/wp-content\/uploads\/2026\/01\/Salon-2-768x432.png 768w, https:\/\/maisoncocooningfl.com\/wp-content\/uploads\/2026\/01\/Salon-2-1536x864.png 1536w\" sizes=\"(max-width: 350px) 100vw, 350px\" \/>\n\t\t<div class=\"figc no-description\">\n\t\t\t<div class=\"figc-inner\">\n\t\t\t\t\t\t\t\t\t\t\t\t\t\t\t<\/div>\n\t\t<\/div>\n\n\t<\/div>\n\n<\/div><div class=\"modula-item effect-pufrobo\" >\n\t<div class=\"modula-item-overlay\"><\/div>\n\n\t<div class=\"modula-item-content\">\n\n\t\t\t\t\n\t\t\t\t\t<a data-image-id=\"550\" role=\"button\" data-elementor-open-lightbox=\"no\" tabindex=\"0\" rel=\"jtg-547\" data-caption=\"\" aria-label=\"Open image in lightbox\" class=\"tile-inner modula-item-link\"><\/a>\n\t\t\n\t\t<img loading=\"lazy\" decoding=\"async\" class=\"pic wp-image-550\"  data-valign=\"middle\" data-halign=\"center\" alt=\"\" data-full=\"https:\/\/maisoncocooningfl.com\/wp-content\/uploads\/2026\/01\/Salon-vue-vers-tele.png\" title=\"Salon vue vers t\u00e9l\u00e9\" width=\"350\" height=\"197\" src=\"https:\/\/maisoncocooningfl.com\/wp-content\/uploads\/2026\/01\/Salon-vue-vers-tele-350x197.png\" data-src=\"https:\/\/maisoncocooningfl.com\/wp-content\/uploads\/2026\/01\/Salon-vue-vers-tele-350x197.png\" data-caption=\"\" srcset=\"https:\/\/maisoncocooningfl.com\/wp-content\/uploads\/2026\/01\/Salon-vue-vers-tele.png 1920w, https:\/\/maisoncocooningfl.com\/wp-content\/uploads\/2026\/01\/Salon-vue-vers-tele-350x197.png 350w, https:\/\/maisoncocooningfl.com\/wp-content\/uploads\/2026\/01\/Salon-vue-vers-tele-1024x576.png 1024w, https:\/\/maisoncocooningfl.com\/wp-content\/uploads\/2026\/01\/Salon-vue-vers-tele-768x432.png 768w, https:\/\/maisoncocooningfl.com\/wp-content\/uploads\/2026\/01\/Salon-vue-vers-tele-1536x864.png 1536w\" sizes=\"(max-width: 350px) 100vw, 350px\" \/>\n\t\t<div class=\"figc no-description\">\n\t\t\t<div class=\"figc-inner\">\n\t\t\t\t\t\t\t\t\t\t\t\t\t\t\t<\/div>\n\t\t<\/div>\n\n\t<\/div>\n\n<\/div><div class=\"modula-item effect-pufrobo\" >\n\t<div class=\"modula-item-overlay\"><\/div>\n\n\t<div class=\"modula-item-content\">\n\n\t\t\t\t\n\t\t\t\t\t<a data-image-id=\"549\" role=\"button\" data-elementor-open-lightbox=\"no\" tabindex=\"0\" rel=\"jtg-547\" data-caption=\"\" aria-label=\"Open image in lightbox\" class=\"tile-inner modula-item-link\"><\/a>\n\t\t\n\t\t<img loading=\"lazy\" decoding=\"async\" class=\"pic wp-image-549\"  data-valign=\"middle\" data-halign=\"center\" alt=\"\" data-full=\"https:\/\/maisoncocooningfl.com\/wp-content\/uploads\/2026\/01\/Entree-vue-seuil-de-porte.png\" title=\"Entr\u00e9e vue seuil de porte\" width=\"350\" height=\"197\" src=\"https:\/\/maisoncocooningfl.com\/wp-content\/uploads\/2026\/01\/Entree-vue-seuil-de-porte-350x197.png\" data-src=\"https:\/\/maisoncocooningfl.com\/wp-content\/uploads\/2026\/01\/Entree-vue-seuil-de-porte-350x197.png\" data-caption=\"\" srcset=\"https:\/\/maisoncocooningfl.com\/wp-content\/uploads\/2026\/01\/Entree-vue-seuil-de-porte.png 1920w, https:\/\/maisoncocooningfl.com\/wp-content\/uploads\/2026\/01\/Entree-vue-seuil-de-porte-350x197.png 350w, https:\/\/maisoncocooningfl.com\/wp-content\/uploads\/2026\/01\/Entree-vue-seuil-de-porte-1024x576.png 1024w, https:\/\/maisoncocooningfl.com\/wp-content\/uploads\/2026\/01\/Entree-vue-seuil-de-porte-768x432.png 768w, https:\/\/maisoncocooningfl.com\/wp-content\/uploads\/2026\/01\/Entree-vue-seuil-de-porte-1536x864.png 1536w\" sizes=\"(max-width: 350px) 100vw, 350px\" \/>\n\t\t<div class=\"figc no-description\">\n\t\t\t<div class=\"figc-inner\">\n\t\t\t\t\t\t\t\t\t\t\t\t\t\t\t<\/div>\n\t\t<\/div>\n\n\t<\/div>\n\n<\/div><div class=\"modula-item effect-pufrobo\" >\n\t<div class=\"modula-item-overlay\"><\/div>\n\n\t<div class=\"modula-item-content\">\n\n\t\t\t\t\n\t\t\t\t\t<a data-image-id=\"548\" role=\"button\" data-elementor-open-lightbox=\"no\" tabindex=\"0\" rel=\"jtg-547\" data-caption=\"\" aria-label=\"Open image in lightbox\" class=\"tile-inner modula-item-link\"><\/a>\n\t\t\n\t\t<img loading=\"lazy\" decoding=\"async\" class=\"pic wp-image-548\"  data-valign=\"middle\" data-halign=\"center\" alt=\"\" data-full=\"https:\/\/maisoncocooningfl.com\/wp-content\/uploads\/2026\/01\/Salle-a-manger.png\" title=\"Salle \u00e0 manger\" width=\"350\" height=\"197\" src=\"https:\/\/maisoncocooningfl.com\/wp-content\/uploads\/2026\/01\/Salle-a-manger-350x197.png\" data-src=\"https:\/\/maisoncocooningfl.com\/wp-content\/uploads\/2026\/01\/Salle-a-manger-350x197.png\" data-caption=\"\" srcset=\"https:\/\/maisoncocooningfl.com\/wp-content\/uploads\/2026\/01\/Salle-a-manger.png 1920w, https:\/\/maisoncocooningfl.com\/wp-content\/uploads\/2026\/01\/Salle-a-manger-350x197.png 350w, https:\/\/maisoncocooningfl.com\/wp-content\/uploads\/2026\/01\/Salle-a-manger-1024x576.png 1024w, https:\/\/maisoncocooningfl.com\/wp-content\/uploads\/2026\/01\/Salle-a-manger-768x432.png 768w, https:\/\/maisoncocooningfl.com\/wp-content\/uploads\/2026\/01\/Salle-a-manger-1536x864.png 1536w\" sizes=\"(max-width: 350px) 100vw, 350px\" \/>\n\t\t<div class=\"figc no-description\">\n\t\t\t<div class=\"figc-inner\">\n\t\t\t\t\t\t\t\t\t\t\t\t\t\t\t<\/div>\n\t\t<\/div>\n\n\t<\/div>\n\n<\/div>\t\t\n\t<\/div>\n\n\t\n\t\n\t<script type=\"application\/ld+json\">\n\t{\n\t\t\"@context\": \"http:\/\/schema.org\",\n\t\t\"@type\"   : \"ImageGallery\",\n\t\t\"id\"      : \"https:\/\/maisoncocooningfl.com\/index.php\/mes-realisations\/\",\n\t\t\"url\"     : \"https:\/\/maisoncocooningfl.com\/index.php\/mes-realisations\/\"\n\t}\n\n\t<\/script>\n\n\t\n<\/div>\n\n<p>&nbsp;<\/p>\n","protected":false},"excerpt":{"rendered":"<p>\u00ab\u00a0Imaginer, sublimer, r\u00e9v\u00e9ler\u00a0\u00bb J\u2019imagine des int\u00e9rieurs o\u00f9 l\u2019on se sent bien d\u00e8s le premier regard.\u00a0Des espaces doux, accueillants et pens\u00e9s pour votre quotidien.Bienvenue dans un univers o\u00f9 confort et beaut\u00e9 se rencontrent. &nbsp;<\/p>\n","protected":false},"author":1,"featured_media":0,"parent":0,"menu_order":0,"comment_status":"closed","ping_status":"closed","template":"","meta":{"footnotes":""},"class_list":["post-518","page","type-page","status-publish","hentry"],"_links":{"self":[{"href":"https:\/\/maisoncocooningfl.com\/index.php\/wp-json\/wp\/v2\/pages\/518","targetHints":{"allow":["GET"]}}],"collection":[{"href":"https:\/\/maisoncocooningfl.com\/index.php\/wp-json\/wp\/v2\/pages"}],"about":[{"href":"https:\/\/maisoncocooningfl.com\/index.php\/wp-json\/wp\/v2\/types\/page"}],"author":[{"embeddable":true,"href":"https:\/\/maisoncocooningfl.com\/index.php\/wp-json\/wp\/v2\/users\/1"}],"replies":[{"embeddable":true,"href":"https:\/\/maisoncocooningfl.com\/index.php\/wp-json\/wp\/v2\/comments?post=518"}],"version-history":[{"count":15,"href":"https:\/\/maisoncocooningfl.com\/index.php\/wp-json\/wp\/v2\/pages\/518\/revisions"}],"predecessor-version":[{"id":564,"href":"https:\/\/maisoncocooningfl.com\/index.php\/wp-json\/wp\/v2\/pages\/518\/revisions\/564"}],"wp:attachment":[{"href":"https:\/\/maisoncocooningfl.com\/index.php\/wp-json\/wp\/v2\/media?parent=518"}],"curies":[{"name":"wp","href":"https:\/\/api.w.org\/{rel}","templated":true}]}}