{"id":145,"date":"2024-08-28T17:45:24","date_gmt":"2024-08-28T15:45:24","guid":{"rendered":"https:\/\/maisoncocooningfl.com\/?page_id=145"},"modified":"2026-01-21T16:04:48","modified_gmt":"2026-01-21T15:04:48","slug":"contact","status":"publish","type":"page","link":"https:\/\/maisoncocooningfl.com\/index.php\/contact\/","title":{"rendered":"Contact"},"content":{"rendered":"\t\t<div data-elementor-type=\"wp-page\" data-elementor-id=\"145\" class=\"elementor elementor-145\">\n\t\t\t\t<div class=\"elementor-element elementor-element-e29d35b e-flex e-con-boxed e-con e-parent\" data-id=\"e29d35b\" data-element_type=\"container\">\n\t\t\t\t\t<div class=\"e-con-inner\">\n\t\t\t\t<div class=\"elementor-element elementor-element-4dd5aeb elementor-widget elementor-widget-image\" data-id=\"4dd5aeb\" data-element_type=\"widget\" data-widget_type=\"image.default\">\n\t\t\t\t\t\t\t\t\t\t\t\t\t\t\t<img fetchpriority=\"high\" decoding=\"async\" width=\"401\" height=\"384\" src=\"https:\/\/maisoncocooningfl.com\/wp-content\/uploads\/2026\/01\/2.jpeg\" class=\"attachment-1536x1536 size-1536x1536 wp-image-662\" alt=\"\" srcset=\"https:\/\/maisoncocooningfl.com\/wp-content\/uploads\/2026\/01\/2.jpeg 401w, https:\/\/maisoncocooningfl.com\/wp-content\/uploads\/2026\/01\/2-350x335.jpeg 350w, https:\/\/maisoncocooningfl.com\/wp-content\/uploads\/2026\/01\/2-300x287.jpeg 300w\" sizes=\"(max-width: 401px) 100vw, 401px\" \/>\t\t\t\t\t\t\t\t\t\t\t\t\t\t\t<\/div>\n\t\t\t\t<div class=\"elementor-element elementor-element-9fbb90f elementor-widget elementor-widget-heading\" data-id=\"9fbb90f\" data-element_type=\"widget\" data-widget_type=\"heading.default\">\n\t\t\t\t\t<h2 class=\"elementor-heading-title elementor-size-default\">Discutons de votre projet <\/h2>\t\t\t\t<\/div>\n\t\t\t\t<div class=\"elementor-element elementor-element-2c4a599 elementor-widget elementor-widget-heading\" data-id=\"2c4a599\" data-element_type=\"widget\" data-widget_type=\"heading.default\">\n\t\t\t\t\t<h2 class=\"elementor-heading-title elementor-size-default\">Vous avez une id\u00e9e, un besoin, une probl\u00e9matique ou tout simplement l'envie de changer votre int\u00e9rieur?\u00a0<\/h2>\t\t\t\t<\/div>\n\t\t\t\t<div class=\"elementor-element elementor-element-fb1c4a5 elementor-widget elementor-widget-text-editor\" data-id=\"fb1c4a5\" data-element_type=\"widget\" data-widget_type=\"text-editor.default\">\n\t\t\t\t\t\t\t\t\t<p><em>Je suis \u00e0 votre \u00e9coute pour vous conseiller, vous aider \u00e0 vous projeter et \u00e0 concevoir un projet qui vous ressemble.<\/em><\/p>\t\t\t\t\t\t\t\t<\/div>\n\t\t\t\t\t<\/div>\n\t\t\t\t<\/div>\n\t\t<div class=\"elementor-element elementor-element-4917971 e-con-full e-flex e-con e-parent\" data-id=\"4917971\" data-element_type=\"container\" data-settings=\"{&quot;background_background&quot;:&quot;gradient&quot;}\">\n\t\t\t\t<div class=\"elementor-element elementor-element-b6b1c8a elementor-widget elementor-widget-text-editor\" data-id=\"b6b1c8a\" data-element_type=\"widget\" data-widget_type=\"text-editor.default\">\n\t\t\t\t\t\t\t\t\t<p>Vous pouvez\u00a0 m&rsquo;\u00e9crire directement par mail \u00e0 cette adresse:\u00a0 <em><span style=\"text-decoration: underline;\"><strong>maisoncocooningfl@outlook.com<\/strong><\/span><\/em><\/p>\n<p>Il est \u00e9galement possible d&rsquo;\u00e9changer par t\u00e9l\u00e9phone : <em><strong>07 70 01 35 22<\/strong><\/em><\/p>\n<p>Ou remplissez le formulaire ci-dessous afin que je puisse vous recontacter afin de discuter de votre projet:<\/p>\n<h5>\u00a0<\/h5>\t\t\t\t\t\t\t\t<\/div>\n\t\t\t\t<\/div>\n\t\t<div class=\"elementor-element elementor-element-b93fdb7 e-flex e-con-boxed e-con e-parent\" data-id=\"b93fdb7\" data-element_type=\"container\">\n\t\t\t\t\t<div class=\"e-con-inner\">\n\t\t\t\t<div class=\"elementor-element elementor-element-0b74829 elementor-widget elementor-widget-wpforms\" data-id=\"0b74829\" data-element_type=\"widget\" data-widget_type=\"wpforms.default\">\n\t\t\t\t<div class=\"elementor-widget-container\">\n\t\t\t\t\t<style id=\"wpforms-css-vars-root\">\n\t\t\t\t:root {\n\t\t\t\t\t--wpforms-field-border-radius: 3px;\n--wpforms-field-border-style: solid;\n--wpforms-field-border-size: 1px;\n--wpforms-field-background-color: #ffffff;\n--wpforms-field-border-color: rgba( 0, 0, 0, 0.25 );\n--wpforms-field-border-color-spare: rgba( 0, 0, 0, 0.25 );\n--wpforms-field-text-color: rgba( 0, 0, 0, 0.7 );\n--wpforms-field-menu-color: #ffffff;\n--wpforms-label-color: rgba( 0, 0, 0, 0.85 );\n--wpforms-label-sublabel-color: rgba( 0, 0, 0, 0.55 );\n--wpforms-label-error-color: #d63637;\n--wpforms-button-border-radius: 3px;\n--wpforms-button-border-style: none;\n--wpforms-button-border-size: 1px;\n--wpforms-button-background-color: #066aab;\n--wpforms-button-border-color: #066aab;\n--wpforms-button-text-color: #ffffff;\n--wpforms-page-break-color: #066aab;\n--wpforms-background-image: none;\n--wpforms-background-position: center center;\n--wpforms-background-repeat: no-repeat;\n--wpforms-background-size: cover;\n--wpforms-background-width: 100px;\n--wpforms-background-height: 100px;\n--wpforms-background-color: rgba( 0, 0, 0, 0 );\n--wpforms-background-url: none;\n--wpforms-container-padding: 0px;\n--wpforms-container-border-style: none;\n--wpforms-container-border-width: 1px;\n--wpforms-container-border-color: #000000;\n--wpforms-container-border-radius: 3px;\n--wpforms-field-size-input-height: 43px;\n--wpforms-field-size-input-spacing: 15px;\n--wpforms-field-size-font-size: 16px;\n--wpforms-field-size-line-height: 19px;\n--wpforms-field-size-padding-h: 14px;\n--wpforms-field-size-checkbox-size: 16px;\n--wpforms-field-size-sublabel-spacing: 5px;\n--wpforms-field-size-icon-size: 1;\n--wpforms-label-size-font-size: 16px;\n--wpforms-label-size-line-height: 19px;\n--wpforms-label-size-sublabel-font-size: 14px;\n--wpforms-label-size-sublabel-line-height: 17px;\n--wpforms-button-size-font-size: 17px;\n--wpforms-button-size-height: 41px;\n--wpforms-button-size-padding-h: 15px;\n--wpforms-button-size-margin-top: 10px;\n--wpforms-container-shadow-size-box-shadow: none;\n\n\t\t\t\t}\n\t\t\t<\/style><style id=\"wpforms-css-vars-elementor-widget-0b74829\">\n\t\t\t\t.elementor-widget-wpforms.elementor-element-0b74829 {\n\t\t\t\t\t--wpforms-field-background-color: #F7F2ED;\n--wpforms-field-border-color: #865E38;\n--wpforms-field-border-color-spare: #865E38;\n--wpforms-button-background-color: #865E38;\n--wpforms-field-size-input-height: 43px;\n--wpforms-field-size-input-spacing: 15px;\n--wpforms-field-size-font-size: 16px;\n--wpforms-field-size-line-height: 19px;\n--wpforms-field-size-padding-h: 14px;\n--wpforms-field-size-checkbox-size: 16px;\n--wpforms-field-size-sublabel-spacing: 5px;\n--wpforms-field-size-icon-size: 1;\n--wpforms-label-size-font-size: 16px;\n--wpforms-label-size-line-height: 19px;\n--wpforms-label-size-sublabel-font-size: 14px;\n--wpforms-label-size-sublabel-line-height: 17px;\n--wpforms-button-size-font-size: 17px;\n--wpforms-button-size-height: 41px;\n--wpforms-button-size-padding-h: 15px;\n--wpforms-button-size-margin-top: 10px;\n\n\t\t\t\t}\n\t\t\t<\/style><div class=\"wpforms-container wpforms-container-full wpforms-render-modern\" id=\"wpforms-403\"><form id=\"wpforms-form-403\" class=\"wpforms-validate wpforms-form wpforms-ajax-form\" data-formid=\"403\" method=\"post\" enctype=\"multipart\/form-data\" action=\"\/index.php\/wp-json\/wp\/v2\/pages\/145\" data-token=\"4978641286b6c1df7756e67c5aa75bc7\" data-token-time=\"1776377839\"><div class=\"wpforms-head-container\"><div class=\"wpforms-description\">Ce formulaire permet de connaitre quelques informations sur vous et votre projet. Il me permettra de prendre contact avec vous et d'ensuite \u00e9changer ensemble sur votre projet, vos attentes ou encore vos besoins.<\/div><\/div><noscript class=\"wpforms-error-noscript\">Veuillez activer JavaScript dans votre navigateur pour remplir ce formulaire.<\/noscript><div class=\"wpforms-hidden\" id=\"wpforms-error-noscript\">Veuillez activer JavaScript dans votre navigateur pour remplir ce formulaire.<\/div><div class=\"wpforms-field-container\"><div id=\"wpforms-403-field_1-container\" class=\"wpforms-field wpforms-field-name\" data-field-id=\"1\"><fieldset><legend class=\"wpforms-field-label\">Nom-Pr\u00e9nom <span class=\"wpforms-required-label\" aria-hidden=\"true\">*<\/span><\/legend><div class=\"wpforms-field-row wpforms-field-medium\"><div class=\"wpforms-field-row-block wpforms-first wpforms-one-half\"><input type=\"text\" id=\"wpforms-403-field_1\" class=\"wpforms-field-name-first wpforms-field-required\" name=\"wpforms[fields][1][first]\" aria-errormessage=\"wpforms-403-field_1-error\" required><label for=\"wpforms-403-field_1\" class=\"wpforms-field-sublabel after\">Pr\u00e9nom<\/label><\/div><div class=\"wpforms-field-row-block wpforms-one-half\"><input type=\"text\" id=\"wpforms-403-field_1-last\" class=\"wpforms-field-name-last wpforms-field-required\" name=\"wpforms[fields][1][last]\" aria-errormessage=\"wpforms-403-field_1-last-error\" required><label for=\"wpforms-403-field_1-last\" class=\"wpforms-field-sublabel after\">Nom<\/label><\/div><\/div><\/fieldset><\/div><div id=\"wpforms-403-field_2-container\" class=\"wpforms-field wpforms-field-email\" data-field-id=\"2\"><label class=\"wpforms-field-label\" for=\"wpforms-403-field_2\">E-mail <span class=\"wpforms-required-label\" aria-hidden=\"true\">*<\/span><\/label><input type=\"email\" id=\"wpforms-403-field_2\" class=\"wpforms-field-medium wpforms-field-required\" name=\"wpforms[fields][2]\" spellcheck=\"false\" aria-errormessage=\"wpforms-403-field_2-error\" required><\/div><div id=\"wpforms-403-field_3-container\" class=\"wpforms-field wpforms-field-text\" data-field-id=\"3\"><label class=\"wpforms-field-label\" for=\"wpforms-403-field_3\">T\u00e9l\u00e9phone <span class=\"wpforms-required-label\" aria-hidden=\"true\">*<\/span><\/label><input type=\"text\" id=\"wpforms-403-field_3\" class=\"wpforms-field-medium wpforms-field-required\" name=\"wpforms[fields][3]\" aria-errormessage=\"wpforms-403-field_3-error\" required><\/div><div id=\"wpforms-403-field_4-container\" class=\"wpforms-field wpforms-field-text\" data-field-id=\"4\"><label class=\"wpforms-field-label\" for=\"wpforms-403-field_4\">Objet du message <span class=\"wpforms-required-label\" aria-hidden=\"true\">*<\/span><\/label><input type=\"text\" id=\"wpforms-403-field_4\" class=\"wpforms-field-medium wpforms-field-required\" name=\"wpforms[fields][4]\" aria-errormessage=\"wpforms-403-field_4-error\" required><\/div><div id=\"wpforms-403-field_5-container\" class=\"wpforms-field wpforms-field-text\" data-field-id=\"5\"><label class=\"wpforms-field-label\" for=\"wpforms-403-field_5\">Message <span class=\"wpforms-required-label\" aria-hidden=\"true\">*<\/span><\/label><input type=\"text\" id=\"wpforms-403-field_5\" class=\"wpforms-field-medium wpforms-field-required\" name=\"wpforms[fields][5]\" aria-errormessage=\"wpforms-403-field_5-error\" aria-describedby=\"wpforms-403-field_5-description\" required><div id=\"wpforms-403-field_5-description\" class=\"wpforms-field-description\">Faites moi part de votre projet, vos questions ou encore de vos besoins.<\/div><\/div><div id=\"wpforms-403-field_6-container\" class=\"wpforms-field wpforms-field-checkbox\" data-field-id=\"6\"><fieldset><legend class=\"wpforms-field-label\">En remplissant ce formulaire de contact et en cochant cette case, je confirme avoir lu et accept\u00e9 la Politique de confidentialit\u00e9 des donn\u00e9es du site <span class=\"wpforms-required-label\" aria-hidden=\"true\">*<\/span><\/legend><ul id=\"wpforms-403-field_6\" class=\"wpforms-field-required\"><li class=\"choice-1 depth-1\"><input type=\"checkbox\" id=\"wpforms-403-field_6_1\" name=\"wpforms[fields][6][]\" value=\"J&#039;accepte\" aria-errormessage=\"wpforms-403-field_6_1-error\" required ><label class=\"wpforms-field-label-inline\" for=\"wpforms-403-field_6_1\">J'accepte<\/label><\/li><\/ul><\/fieldset><\/div><\/div><!-- .wpforms-field-container --><div class=\"wpforms-submit-container\" ><input type=\"hidden\" name=\"wpforms[id]\" value=\"403\"><input type=\"hidden\" name=\"page_title\" value=\"\"><input type=\"hidden\" name=\"page_url\" value=\"https:\/\/maisoncocooningfl.com\/index.php\/wp-json\/wp\/v2\/pages\/145\"><button type=\"submit\" name=\"wpforms[submit]\" id=\"wpforms-submit-403\" class=\"wpforms-submit\" data-alt-text=\"Envoi...\" data-submit-text=\"Envoyer\" aria-live=\"assertive\" value=\"wpforms-submit\">Envoyer<\/button><img decoding=\"async\" src=\"https:\/\/maisoncocooningfl.com\/wp-content\/plugins\/wpforms-lite\/assets\/images\/submit-spin.svg\" class=\"wpforms-submit-spinner\" style=\"display: none;\" width=\"26\" height=\"26\" alt=\"Chargement en cours\"><\/div><\/form><\/div>  <!-- .wpforms-container -->\t\t\t\t<\/div>\n\t\t\t\t<\/div>\n\t\t\t\t\t<\/div>\n\t\t\t\t<\/div>\n\t\t<div class=\"elementor-element elementor-element-2055adc e-flex e-con-boxed e-con e-parent\" data-id=\"2055adc\" data-element_type=\"container\">\n\t\t\t\t\t<div class=\"e-con-inner\">\n\t\t\t\t\t<\/div>\n\t\t\t\t<\/div>\n\t\t\t\t<\/div>\n\t\t","protected":false},"excerpt":{"rendered":"<p>Discutons de votre projet Vous avez une id\u00e9e, un besoin, une probl\u00e9matique ou tout simplement l&rsquo;envie de changer votre int\u00e9rieur?\u00a0 Je suis \u00e0 votre \u00e9coute pour vous conseiller, vous aider \u00e0 vous projeter et \u00e0 concevoir un projet qui vous ressemble. Vous pouvez\u00a0 m&rsquo;\u00e9crire directement par mail \u00e0 cette adresse:\u00a0&#8230;<\/p>\n","protected":false},"author":1,"featured_media":0,"parent":0,"menu_order":0,"comment_status":"closed","ping_status":"closed","template":"","meta":{"footnotes":""},"class_list":["post-145","page","type-page","status-publish","hentry"],"_links":{"self":[{"href":"https:\/\/maisoncocooningfl.com\/index.php\/wp-json\/wp\/v2\/pages\/145","targetHints":{"allow":["GET"]}}],"collection":[{"href":"https:\/\/maisoncocooningfl.com\/index.php\/wp-json\/wp\/v2\/pages"}],"about":[{"href":"https:\/\/maisoncocooningfl.com\/index.php\/wp-json\/wp\/v2\/types\/page"}],"author":[{"embeddable":true,"href":"https:\/\/maisoncocooningfl.com\/index.php\/wp-json\/wp\/v2\/users\/1"}],"replies":[{"embeddable":true,"href":"https:\/\/maisoncocooningfl.com\/index.php\/wp-json\/wp\/v2\/comments?post=145"}],"version-history":[{"count":37,"href":"https:\/\/maisoncocooningfl.com\/index.php\/wp-json\/wp\/v2\/pages\/145\/revisions"}],"predecessor-version":[{"id":665,"href":"https:\/\/maisoncocooningfl.com\/index.php\/wp-json\/wp\/v2\/pages\/145\/revisions\/665"}],"wp:attachment":[{"href":"https:\/\/maisoncocooningfl.com\/index.php\/wp-json\/wp\/v2\/media?parent=145"}],"curies":[{"name":"wp","href":"https:\/\/api.w.org\/{rel}","templated":true}]}}