{"id":142,"date":"2024-08-28T17:45:24","date_gmt":"2024-08-28T15:45:24","guid":{"rendered":"https:\/\/maisoncocooningfl.com\/?page_id=142"},"modified":"2026-01-21T10:31:01","modified_gmt":"2026-01-21T09:31:01","slug":"prestations","status":"publish","type":"page","link":"https:\/\/maisoncocooningfl.com\/index.php\/prestations\/","title":{"rendered":"Prestations"},"content":{"rendered":"\t\t<div data-elementor-type=\"wp-page\" data-elementor-id=\"142\" class=\"elementor elementor-142\">\n\t\t\t\t<div class=\"elementor-element elementor-element-e83d762 e-flex e-con-boxed e-con e-parent\" data-id=\"e83d762\" data-element_type=\"container\">\n\t\t\t\t\t<div class=\"e-con-inner\">\n\t\t<div class=\"elementor-element elementor-element-4bf4c33 e-con-full e-flex e-con e-child\" data-id=\"4bf4c33\" data-element_type=\"container\">\n\t\t\t\t<\/div>\n\t\t<div class=\"elementor-element elementor-element-bf25845 e-con-full e-flex e-con e-child\" data-id=\"bf25845\" data-element_type=\"container\">\n\t\t<div class=\"elementor-element elementor-element-ceb430a e-con-full e-flex e-con e-child\" data-id=\"ceb430a\" data-element_type=\"container\">\n\t\t\t\t<div class=\"elementor-element elementor-element-4b071db elementor-widget__width-initial elementor-widget elementor-widget-heading\" data-id=\"4b071db\" data-element_type=\"widget\" data-widget_type=\"heading.default\">\n\t\t\t\t\t<h2 class=\"elementor-heading-title elementor-size-default\">Prestations sur-mesure<\/h2>\t\t\t\t<\/div>\n\t\t\t\t<div class=\"elementor-element elementor-element-ee2be00 elementor-widget elementor-widget-text-editor\" data-id=\"ee2be00\" data-element_type=\"widget\" data-widget_type=\"text-editor.default\">\n\t\t\t\t\t\t\t\t\t<p>Mes services de d\u00e9coration d&rsquo;int\u00e9rieur sur-mesure vise \u00e0 cr\u00e9er des espaces uniques correspondant parfaitement \u00e0 vos go\u00fbts et besoins. Chaque projet est une occasion d&rsquo;exprimer votre personnalit\u00e9 \u00e0 travers la d\u00e9coration.<\/p><p>Je travaille main dans la main avec vous pour comprendre vos envies et concevoir des am\u00e9nagements qui vous ressemblent. Que vous souhaitiez une ambiance chaleureuse, moderne ou intemporelle, je suis l\u00e0 pour r\u00e9aliser votre vision dans chaque d\u00e9tail.<\/p>\t\t\t\t\t\t\t\t<\/div>\n\t\t\t\t<\/div>\n\t\t\t\t<\/div>\n\t\t\t\t<div class=\"elementor-element elementor-element-55173b5 elementor-widget elementor-widget-image\" data-id=\"55173b5\" data-element_type=\"widget\" data-widget_type=\"image.default\">\n\t\t\t\t\t\t\t\t\t\t\t\t\t\t\t<img fetchpriority=\"high\" decoding=\"async\" width=\"640\" height=\"853\" src=\"https:\/\/maisoncocooningfl.com\/wp-content\/uploads\/2026\/01\/Salle-de-bain-768x1024.jpg\" class=\"attachment-medium_large size-medium_large wp-image-558\" alt=\"\" srcset=\"https:\/\/maisoncocooningfl.com\/wp-content\/uploads\/2026\/01\/Salle-de-bain-768x1024.jpg 768w, https:\/\/maisoncocooningfl.com\/wp-content\/uploads\/2026\/01\/Salle-de-bain-263x350.jpg 263w, https:\/\/maisoncocooningfl.com\/wp-content\/uploads\/2026\/01\/Salle-de-bain-1152x1536.jpg 1152w, https:\/\/maisoncocooningfl.com\/wp-content\/uploads\/2026\/01\/Salle-de-bain-1536x2048.jpg 1536w, https:\/\/maisoncocooningfl.com\/wp-content\/uploads\/2026\/01\/Salle-de-bain-scaled.jpg 1920w\" sizes=\"(max-width: 640px) 100vw, 640px\" \/>\t\t\t\t\t\t\t\t\t\t\t\t\t\t\t<\/div>\n\t\t\t\t\t<\/div>\n\t\t\t\t<\/div>\n\t\t<div class=\"elementor-element elementor-element-e770a16 e-flex e-con-boxed e-con e-parent\" data-id=\"e770a16\" data-element_type=\"container\">\n\t\t\t\t\t<div class=\"e-con-inner\">\n\t\t<div class=\"elementor-element elementor-element-81f624c e-con-full e-flex e-con e-child\" data-id=\"81f624c\" data-element_type=\"container\">\n\t\t\t\t<\/div>\n\t\t\t\t<div class=\"elementor-element elementor-element-b60cead elementor-widget elementor-widget-n-accordion\" data-id=\"b60cead\" data-element_type=\"widget\" data-settings=\"{&quot;default_state&quot;:&quot;expanded&quot;,&quot;max_items_expended&quot;:&quot;one&quot;,&quot;n_accordion_animation_duration&quot;:{&quot;unit&quot;:&quot;ms&quot;,&quot;size&quot;:400,&quot;sizes&quot;:[]}}\" data-widget_type=\"nested-accordion.default\">\n\t\t\t\t\t\t\t<div class=\"e-n-accordion\" aria-label=\"Accordion. Open links with Enter or Space, close with Escape, and navigate with Arrow Keys\">\n\t\t\t\t\t\t<details id=\"e-n-accordion-item-1900\" class=\"e-n-accordion-item\" open>\n\t\t\t\t<summary class=\"e-n-accordion-item-title\" data-accordion-index=\"1\" tabindex=\"0\" aria-expanded=\"true\" aria-controls=\"e-n-accordion-item-1900\" >\n\t\t\t\t\t<span class='e-n-accordion-item-title-header'><div class=\"e-n-accordion-item-title-text\"> Harmonie &amp; Agencement <\/div><\/span>\n\t\t\t\t\t\t\t\t\t<\/summary>\n\t\t\t\t<div role=\"region\" aria-labelledby=\"e-n-accordion-item-1900\" class=\"elementor-element elementor-element-516172a e-con-full e-flex e-con e-child\" data-id=\"516172a\" data-element_type=\"container\" data-settings=\"{&quot;background_background&quot;:&quot;gradient&quot;}\">\n\t\t\t\t<div class=\"elementor-element elementor-element-c5b60c8 elementor-widget elementor-widget-image\" data-id=\"c5b60c8\" data-element_type=\"widget\" data-widget_type=\"image.default\">\n\t\t\t\t\t\t\t\t\t\t\t\t\t\t\t<img decoding=\"async\" width=\"640\" height=\"360\" src=\"https:\/\/maisoncocooningfl.com\/wp-content\/uploads\/2026\/01\/Enscape_2026-01-14-19-06-00-768x432.png\" class=\"attachment-medium_large size-medium_large wp-image-613\" alt=\"\" srcset=\"https:\/\/maisoncocooningfl.com\/wp-content\/uploads\/2026\/01\/Enscape_2026-01-14-19-06-00-768x432.png 768w, https:\/\/maisoncocooningfl.com\/wp-content\/uploads\/2026\/01\/Enscape_2026-01-14-19-06-00-350x197.png 350w, https:\/\/maisoncocooningfl.com\/wp-content\/uploads\/2026\/01\/Enscape_2026-01-14-19-06-00-1024x576.png 1024w, https:\/\/maisoncocooningfl.com\/wp-content\/uploads\/2026\/01\/Enscape_2026-01-14-19-06-00-1536x864.png 1536w, https:\/\/maisoncocooningfl.com\/wp-content\/uploads\/2026\/01\/Enscape_2026-01-14-19-06-00-300x169.png 300w, https:\/\/maisoncocooningfl.com\/wp-content\/uploads\/2026\/01\/Enscape_2026-01-14-19-06-00-850x478.png 850w, https:\/\/maisoncocooningfl.com\/wp-content\/uploads\/2026\/01\/Enscape_2026-01-14-19-06-00.png 1920w\" sizes=\"(max-width: 640px) 100vw, 640px\" \/>\t\t\t\t\t\t\t\t\t\t\t\t\t\t\t<\/div>\n\t\t\t\t<div class=\"elementor-element elementor-element-d73c723 elementor-widget elementor-widget-heading\" data-id=\"d73c723\" data-element_type=\"widget\" data-widget_type=\"heading.default\">\n\t\t\t\t\t<h2 class=\"elementor-heading-title elementor-size-default\">Une expertise cibl\u00e9e pour des d\u00e9cisions \u00e9clair\u00e9es.<\/h2>\t\t\t\t<\/div>\n\t\t<div role=\"region\" aria-labelledby=\"e-n-accordion-item-1900\" class=\"elementor-element elementor-element-5c3c203 e-flex e-con-boxed e-con e-child\" data-id=\"5c3c203\" data-element_type=\"container\" data-settings=\"{&quot;background_background&quot;:&quot;gradient&quot;}\">\n\t\t\t\t\t<div class=\"e-con-inner\">\n\t\t\t\t<div class=\"elementor-element elementor-element-a1d68da elementor-widget elementor-widget-text-editor\" data-id=\"a1d68da\" data-element_type=\"widget\" data-widget_type=\"text-editor.default\">\n\t\t\t\t\t\t\t\t\t<p>Vous b\u00e9n\u00e9ficiez d&rsquo;un regard professionnel et de recommandation concr\u00e8tes afin d&rsquo;optimiser et d&rsquo;harmoniser votre int\u00e9rieur en toute autonomie.\u00a0<\/p><p>Cette prestation s&rsquo;adresse aux personnes souhaitant un avis expert clair, des solutions adapt\u00e9es \u00e0 leur espace et des orientations pr\u00e9cises pour avancer efficacement dans leur projet.\u00a0<\/p><p>Ce que comprend la prestation:\u00a0<\/p><ul><li>Une analyse approfondie de l&rsquo;espace existant\u00a0<\/li><li>Des conseils personnalis\u00e9s en couleurs, mati\u00e8res et mobilier<\/li><li>Des propositions d&rsquo;agencement adapt\u00e9es \u00e0 vos besoins<\/li><li>Des recommandations structur\u00e9es.<\/li><\/ul><p>Format:\u00a0<\/p><ul><li>Rendez-vous ponctuel (\u00e0 domicile ou \u00e0 distance)<\/li><li>Remise d&rsquo;un compte- rendu \u00e9crit et d\u00e9taill\u00e9 contenant : une planche d&rsquo;ambiance, la liste d&rsquo;achat de mobilier et de d\u00e9corations, ainsi que mes conseils d&rsquo;am\u00e9nagement<\/li><li>Mise en \u0153uvre libre et autonome par le client.<\/li><\/ul><p><span style=\"text-decoration: underline;\"><strong>Tarifs \u00e0 titre Indicatif :\u00a0<\/strong><\/span><br \/>&#8211; 150 Euros\u00a0 TTC pour une pi\u00e8ce standard<br \/>&#8211; 250 Euros TTC pour une pi\u00e8ce de vie ou suite parentale<\/p><p>Les tarifs varient en fonction de la surface de la pi\u00e8ce, du nombre de pi\u00e8ces \u00e0 accompagner et du niveau de complexit\u00e9 du projet.<\/p>\t\t\t\t\t\t\t\t<\/div>\n\t\t\t\t\t<\/div>\n\t\t\t\t<\/div>\n\t\t\t\t<\/div>\n\t\t\t\t\t<\/details>\n\t\t\t\t\t\t<details id=\"e-n-accordion-item-1901\" class=\"e-n-accordion-item\" >\n\t\t\t\t<summary class=\"e-n-accordion-item-title\" data-accordion-index=\"2\" tabindex=\"-1\" aria-expanded=\"false\" aria-controls=\"e-n-accordion-item-1901\" >\n\t\t\t\t\t<span class='e-n-accordion-item-title-header'><div class=\"e-n-accordion-item-title-text\"> Coaching d\u00e9coration  <\/div><\/span>\n\t\t\t\t\t\t\t\t\t<\/summary>\n\t\t\t\t<div role=\"region\" aria-labelledby=\"e-n-accordion-item-1901\" class=\"elementor-element elementor-element-a41ec42 e-con-full e-flex e-con e-child\" data-id=\"a41ec42\" data-element_type=\"container\" data-settings=\"{&quot;background_background&quot;:&quot;gradient&quot;}\">\n\t\t\t\t<div class=\"elementor-element elementor-element-3a8fa39 elementor-widget elementor-widget-image\" data-id=\"3a8fa39\" data-element_type=\"widget\" data-widget_type=\"image.default\">\n\t\t\t\t\t\t\t\t\t\t\t\t\t\t\t<img decoding=\"async\" width=\"640\" height=\"360\" src=\"https:\/\/maisoncocooningfl.com\/wp-content\/uploads\/2026\/01\/Enscape_2025-04-23-17-49-01-768x432.png\" class=\"attachment-medium_large size-medium_large wp-image-579\" alt=\"\" srcset=\"https:\/\/maisoncocooningfl.com\/wp-content\/uploads\/2026\/01\/Enscape_2025-04-23-17-49-01-768x432.png 768w, https:\/\/maisoncocooningfl.com\/wp-content\/uploads\/2026\/01\/Enscape_2025-04-23-17-49-01-350x197.png 350w, https:\/\/maisoncocooningfl.com\/wp-content\/uploads\/2026\/01\/Enscape_2025-04-23-17-49-01-1024x576.png 1024w, https:\/\/maisoncocooningfl.com\/wp-content\/uploads\/2026\/01\/Enscape_2025-04-23-17-49-01-1536x864.png 1536w, https:\/\/maisoncocooningfl.com\/wp-content\/uploads\/2026\/01\/Enscape_2025-04-23-17-49-01-300x169.png 300w, https:\/\/maisoncocooningfl.com\/wp-content\/uploads\/2026\/01\/Enscape_2025-04-23-17-49-01-850x478.png 850w, https:\/\/maisoncocooningfl.com\/wp-content\/uploads\/2026\/01\/Enscape_2025-04-23-17-49-01.png 1920w\" sizes=\"(max-width: 640px) 100vw, 640px\" \/>\t\t\t\t\t\t\t\t\t\t\t\t\t\t\t<\/div>\n\t\t\t\t<div class=\"elementor-element elementor-element-02496ce elementor-widget elementor-widget-heading\" data-id=\"02496ce\" data-element_type=\"widget\" data-widget_type=\"heading.default\">\n\t\t\t\t\t<h2 class=\"elementor-heading-title elementor-size-default\">Un accompagnement personnalis\u00e9 pour faire les bons choix en toute confiance<\/h2>\t\t\t\t<\/div>\n\t\t\t\t<div class=\"elementor-element elementor-element-c48cef5 elementor-widget elementor-widget-text-editor\" data-id=\"c48cef5\" data-element_type=\"widget\" data-widget_type=\"text-editor.default\">\n\t\t\t\t\t\t\t\t\t<p>Le coaching d\u00e9coration est une prestation d&rsquo;accompagnement sur-mesure, destin\u00e9e aux personnes ayant un projet de construction, de r\u00e9novation ou de r\u00e9am\u00e9nagement, et souhaitant \u00eatre accompagn\u00e9es avec une vision claire, coh\u00e9rente et structur\u00e9e.\u00a0<\/p><p>Cette mission vous aide \u00e0 faire les bons choix ) chaque \u00e9tape de votre projet. Elle comprend:\u00a0<\/p><ul><li>Une optimisation r\u00e9fl\u00e9chie des espaces<\/li><li>Le chois des mat\u00e9riaux et couleurs ainsi qu&rsquo;une s\u00e9lection du mobilier et des luminaires<\/li><\/ul><p>A travers un ou plusieurs rendez-vous, nous \u00e9changeons sur vos envies et vos besoins et vos contraintes afin de d\u00e9finir une ligne d\u00e9corative harmonieuse et adapt\u00e9e \u00e0 votre mode de vie.\u00a0\u00a0<\/p><p>L&rsquo;objectif est de cr\u00e9er un int\u00e9rieur qui vous ressemble, \u00e0 la fois esth\u00e9tique, chaleureux\u00a0 et fonctionnel, tout en apportant clart\u00e9, s\u00e9r\u00e9nit\u00e9 et confiance dans vos d\u00e9cisions.<\/p><p>Format:\u00a0<\/p><ul><li>Plusieurs rendez-vous \u00e0 domicile<\/li><li>Echange \u00e0 distance pour r\u00e9ajuster<\/li><li>Remise d&rsquo;un compte- rendu \u00e9crit et d\u00e9taill\u00e9 contenant : les planches d&rsquo;ambiance, plusieurs vues 3D des pi\u00e8ces, la liste d&rsquo;achat de mobilier et de d\u00e9corations, ainsi que mes conseils d&rsquo;am\u00e9nagement<\/li><li>Mise en \u0153uvre libre et autonome par le client\u00a0<\/li><\/ul><p><span style=\"text-decoration: underline;\"><strong>Tarif \u00e0 titre Indicatif :\u00a0<\/strong><\/span><br \/>&#8211; 450 Euros\u00a0 TTC par pi\u00e8ce<\/p><p>Les tarifs varient en fonction de la surface de la pi\u00e8ce, du nombre de pi\u00e8ces \u00e0 accompagner et du niveau de complexit\u00e9 du projet.<\/p><p>Un devis personnalis\u00e9 est \u00e9tabli apr\u00e8s un premier \u00e9change afin d&rsquo;\u00e9valuer pr\u00e9cis\u00e9ment vos besoins et de vous proposer une prestation adapt\u00e9e.<\/p>\t\t\t\t\t\t\t\t<\/div>\n\t\t\t\t<\/div>\n\t\t\t\t\t<\/details>\n\t\t\t\t\t\t<details id=\"e-n-accordion-item-1902\" class=\"e-n-accordion-item\" >\n\t\t\t\t<summary class=\"e-n-accordion-item-title\" data-accordion-index=\"3\" tabindex=\"-1\" aria-expanded=\"false\" aria-controls=\"e-n-accordion-item-1902\" >\n\t\t\t\t\t<span class='e-n-accordion-item-title-header'><div class=\"e-n-accordion-item-title-text\"> Projection 3D <\/div><\/span>\n\t\t\t\t\t\t\t\t\t<\/summary>\n\t\t\t\t<div role=\"region\" aria-labelledby=\"e-n-accordion-item-1902\" class=\"elementor-element elementor-element-7a84b41 e-con-full e-flex e-con e-child\" data-id=\"7a84b41\" data-element_type=\"container\">\n\t\t\t\t<div class=\"elementor-element elementor-element-0f5cd6c elementor-widget elementor-widget-image\" data-id=\"0f5cd6c\" data-element_type=\"widget\" data-widget_type=\"image.default\">\n\t\t\t\t\t\t\t\t\t\t\t\t\t\t\t<img loading=\"lazy\" decoding=\"async\" width=\"640\" height=\"360\" src=\"https:\/\/maisoncocooningfl.com\/wp-content\/uploads\/2026\/01\/Enscape_2026-01-13-22-55-40-768x432.png\" class=\"attachment-medium_large size-medium_large wp-image-614\" alt=\"\" srcset=\"https:\/\/maisoncocooningfl.com\/wp-content\/uploads\/2026\/01\/Enscape_2026-01-13-22-55-40-768x432.png 768w, https:\/\/maisoncocooningfl.com\/wp-content\/uploads\/2026\/01\/Enscape_2026-01-13-22-55-40-350x197.png 350w, https:\/\/maisoncocooningfl.com\/wp-content\/uploads\/2026\/01\/Enscape_2026-01-13-22-55-40-1024x576.png 1024w, https:\/\/maisoncocooningfl.com\/wp-content\/uploads\/2026\/01\/Enscape_2026-01-13-22-55-40-1536x864.png 1536w, https:\/\/maisoncocooningfl.com\/wp-content\/uploads\/2026\/01\/Enscape_2026-01-13-22-55-40-300x169.png 300w, https:\/\/maisoncocooningfl.com\/wp-content\/uploads\/2026\/01\/Enscape_2026-01-13-22-55-40-850x478.png 850w, https:\/\/maisoncocooningfl.com\/wp-content\/uploads\/2026\/01\/Enscape_2026-01-13-22-55-40.png 1920w\" sizes=\"(max-width: 640px) 100vw, 640px\" \/>\t\t\t\t\t\t\t\t\t\t\t\t\t\t\t<\/div>\n\t\t\t\t<div class=\"elementor-element elementor-element-3a885e6 elementor-widget elementor-widget-heading\" data-id=\"3a885e6\" data-element_type=\"widget\" data-widget_type=\"heading.default\">\n\t\t\t\t\t<h2 class=\"elementor-heading-title elementor-size-default\">Visualiser votre futur int\u00e9rieur<\/h2>\t\t\t\t<\/div>\n\t\t\t\t<div class=\"elementor-element elementor-element-33addf6 elementor-widget elementor-widget-text-editor\" data-id=\"33addf6\" data-element_type=\"widget\" data-widget_type=\"text-editor.default\">\n\t\t\t\t\t\t\t\t\t<p>La projection 3D est une prestation exclusivement visuelle qui vous permet de vous projeter concr\u00e8tement dans votre int\u00e9rieur avant toute mis en \u0153uvre. Elle r\u00e9v\u00e8le le potentiel d&rsquo;un espace en offrant une lecture claire des volumes, de l&rsquo;optimisation de l&rsquo;am\u00e9nagement et de l&rsquo;\u00e9quilibre des espaces, tout en travaillant la d\u00e9coration, les harmonies de couleurs et le choix des mat\u00e9riaux. Gr\u00e2ce aux vues 3D, vous visualisez le rendu final de votre int\u00e9rieur et gagnez en s\u00e9r\u00e9nit\u00e9 dans vos choix d\u00e9coratifs.<\/p><p>Cette prestation s&rsquo;adresse aux personnes qui souhaitent:<\/p><ul><li>Confirmer leurs choix d\u00e9coratifs<\/li><li>Se projeter dans leur futur int\u00e9rieur<\/li><li>Visualiser un nouvel am\u00e9nagement ou une nouvelle ambiance avant de passer \u00e0 l&rsquo;action\u00a0<\/li><\/ul><p>Ce qu&rsquo;elle comprend:\u00a0<\/p><ul><li>Une analyse de l&rsquo;espace existant<\/li><li>Des conseils personnalis\u00e9s sur les couleurs et les mat\u00e9riaux\u00a0<\/li><li>Des propositions d&rsquo;agencement adapt\u00e9es \u00e0 vos besoins, \u00e0 votre mode de vie et \u00e0 l&rsquo;espace.<\/li><\/ul><p>Format:<\/p><ul><li>Rendez-vous initial: Echange pour comprendre vos attentes, d\u00e9finir les objectifs et poser les bases de l&rsquo;ambiance souhait\u00e9e.<\/li><li>Cr\u00e9ation de planches d\u00e9coratives:<\/li><\/ul><ol><li>Planche d&rsquo;inspiration d\u00e9corative\u00a0<\/li><li>Planche de couleurs et de mat\u00e9riaux.<\/li><\/ol><p>Ces supports permettent de d\u00e9finir l&rsquo;intention d\u00e9corative du projet et l&rsquo;ambiance g\u00e9n\u00e9rale de la pi\u00e8ce\u00a0<\/p><ul><li>La r\u00e9alisation des vues 3D: La mod\u00e9lisation de votre espace afin de visualiser l&rsquo;am\u00e9nagement, les volumes, les mati\u00e8res et les harmonies de couleurs.<\/li><\/ul><p>Tout cela est restitu\u00e9 dans un dossier complet\u00a0 la fin du projet.\u00a0<\/p><ul><li>Mise en \u0153uvre livre et autonome par le client\u00a0<\/li><\/ul><p><span style=\"text-decoration: underline;\"><strong>Tarif \u00e0 titre Indicatif :\u00a0<\/strong><\/span><br \/>&#8211; 350 Euros\u00a0 TTC par pi\u00e8ce<\/p><p>Les tarifs varient en fonction de la surface de la pi\u00e8ce, du nombre de pi\u00e8ces \u00e0 accompagner et du niveau de complexit\u00e9 du projet.<\/p><p>Un devis personnalis\u00e9 est \u00e9tabli apr\u00e8s un premier \u00e9change afin d&rsquo;\u00e9valuer pr\u00e9cis\u00e9ment vos besoins et de vous proposer une prestation adapt\u00e9e.<\/p>\t\t\t\t\t\t\t\t<\/div>\n\t\t\t\t<\/div>\n\t\t\t\t\t<\/details>\n\t\t\t\t\t<\/div>\n\t\t\t\t\t\t<\/div>\n\t\t\t\t\t<\/div>\n\t\t\t\t<\/div>\n\t\t<div class=\"elementor-element elementor-element-a43e894 e-flex e-con-boxed e-con e-parent\" data-id=\"a43e894\" data-element_type=\"container\">\n\t\t\t\t\t<div class=\"e-con-inner\">\n\t\t\t\t\t<\/div>\n\t\t\t\t<\/div>\n\t\t\t\t<\/div>\n\t\t","protected":false},"excerpt":{"rendered":"<p>Prestations sur-mesure Mes services de d\u00e9coration d&rsquo;int\u00e9rieur sur-mesure vise \u00e0 cr\u00e9er des espaces uniques correspondant parfaitement \u00e0 vos go\u00fbts et besoins. Chaque projet est une occasion d&rsquo;exprimer votre personnalit\u00e9 \u00e0 travers la d\u00e9coration. Je travaille main dans la main avec vous pour comprendre vos envies et concevoir des am\u00e9nagements qui&#8230;<\/p>\n","protected":false},"author":1,"featured_media":0,"parent":0,"menu_order":0,"comment_status":"closed","ping_status":"closed","template":"","meta":{"footnotes":""},"class_list":["post-142","page","type-page","status-publish","hentry"],"_links":{"self":[{"href":"https:\/\/maisoncocooningfl.com\/index.php\/wp-json\/wp\/v2\/pages\/142","targetHints":{"allow":["GET"]}}],"collection":[{"href":"https:\/\/maisoncocooningfl.com\/index.php\/wp-json\/wp\/v2\/pages"}],"about":[{"href":"https:\/\/maisoncocooningfl.com\/index.php\/wp-json\/wp\/v2\/types\/page"}],"author":[{"embeddable":true,"href":"https:\/\/maisoncocooningfl.com\/index.php\/wp-json\/wp\/v2\/users\/1"}],"replies":[{"embeddable":true,"href":"https:\/\/maisoncocooningfl.com\/index.php\/wp-json\/wp\/v2\/comments?post=142"}],"version-history":[{"count":55,"href":"https:\/\/maisoncocooningfl.com\/index.php\/wp-json\/wp\/v2\/pages\/142\/revisions"}],"predecessor-version":[{"id":632,"href":"https:\/\/maisoncocooningfl.com\/index.php\/wp-json\/wp\/v2\/pages\/142\/revisions\/632"}],"wp:attachment":[{"href":"https:\/\/maisoncocooningfl.com\/index.php\/wp-json\/wp\/v2\/media?parent=142"}],"curies":[{"name":"wp","href":"https:\/\/api.w.org\/{rel}","templated":true}]}}